{"id":1132,"date":"2014-07-09T17:02:09","date_gmt":"2014-07-09T17:02:09","guid":{"rendered":"http:\/\/clinico.creaws.com\/?page_id=1132"},"modified":"2026-04-18T20:41:02","modified_gmt":"2026-04-18T17:41:02","slug":"team","status":"publish","type":"page","link":"https:\/\/vetart.com.tr\/en\/team\/","title":{"rendered":"Team"},"content":{"rendered":"<p>[vc_row row_content_width=&#8221;grid&#8221; css=&#8221;.vc_custom_1563279890043{padding-bottom: 96px !important;}&#8221;][vc_column css=&#8221;.vc_custom_1563196206070{padding-right: 10px !important;padding-left: 10px !important;}&#8221; offset=&#8221;vc_col-lg-4 vc_col-md-6 vc_col-xs-12&#8243;]<div class=\"mkdf-team-holder mkdf-team-info-below-image\">\n\t<div class=\"mkdf-team-inner\">\n\t\t\t\t\t<div class=\"mkdf-team-image\">\n                <img loading=\"lazy\" decoding=\"async\" width=\"800\" height=\"1021\" src=\"https:\/\/vetart.com.tr\/en\/wp-content\/uploads\/2022\/02\/Koray.Vet_.-Hek.png\" class=\"attachment-full size-full\" alt=\"\" srcset=\"https:\/\/vetart.com.tr\/en\/wp-content\/uploads\/2022\/02\/Koray.Vet_.-Hek.png 800w, https:\/\/vetart.com.tr\/en\/wp-content\/uploads\/2022\/02\/Koray.Vet_.-Hek-235x300.png 235w, https:\/\/vetart.com.tr\/en\/wp-content\/uploads\/2022\/02\/Koray.Vet_.-Hek-768x980.png 768w\" sizes=\"(max-width: 800px) 100vw, 800px\" \/>\t\t\t\t                    <a class=\"mkdf-team-link\" href=\"#\" target=\"_self\" ><\/a>\n                \t\t\t<\/div>\n\t\t\t\t<div class=\"mkdf-team-info\">\n\t\t\t\t\t\t\t<h4 class=\"mkdf-team-name\" >Koray Musluer<\/h4>\n\t\t\t\t\t\t\t\t\t\t<h6 class=\"mkdf-team-position\" >Veterinarian<\/h6>\n\t\t\t\t\t\t\t\t\t\t\t<\/div>\n\t<\/div>\n<\/div>[vc_empty_space][\/vc_column][vc_column css=&#8221;.vc_custom_1563196213128{padding-right: 10px !important;padding-left: 10px !important;}&#8221; offset=&#8221;vc_col-lg-4 vc_col-md-6 vc_col-xs-12&#8243;]<div class=\"mkdf-team-holder mkdf-team-info-below-image\">\n\t<div class=\"mkdf-team-inner\">\n\t\t\t\t\t<div class=\"mkdf-team-image\">\n                <img loading=\"lazy\" decoding=\"async\" width=\"800\" height=\"1021\" src=\"https:\/\/vetart.com.tr\/en\/wp-content\/uploads\/2022\/02\/Halil.Vet-Hek.png\" class=\"attachment-full size-full\" alt=\"\" srcset=\"https:\/\/vetart.com.tr\/en\/wp-content\/uploads\/2022\/02\/Halil.Vet-Hek.png 800w, https:\/\/vetart.com.tr\/en\/wp-content\/uploads\/2022\/02\/Halil.Vet-Hek-235x300.png 235w, https:\/\/vetart.com.tr\/en\/wp-content\/uploads\/2022\/02\/Halil.Vet-Hek-768x980.png 768w\" sizes=\"(max-width: 800px) 100vw, 800px\" \/>\t\t\t\t                    <a class=\"mkdf-team-link\" href=\"#\" target=\"_self\" ><\/a>\n                \t\t\t<\/div>\n\t\t\t\t<div class=\"mkdf-team-info\">\n\t\t\t\t\t\t\t<h4 class=\"mkdf-team-name\" >Halil \u0130brahim Yavuz<\/h4>\n\t\t\t\t\t\t\t\t\t\t<h6 class=\"mkdf-team-position\" >Veterinarian<\/h6>\n\t\t\t\t\t\t\t\t\t\t\t<\/div>\n\t<\/div>\n<\/div>[vc_empty_space][\/vc_column][vc_column css=&#8221;.vc_custom_1563196224140{padding-right: 10px !important;padding-left: 10px !important;}&#8221; offset=&#8221;vc_col-lg-4 vc_col-md-6 vc_col-xs-12&#8243;]<div class=\"mkdf-team-holder mkdf-team-info-below-image\">\n\t<div class=\"mkdf-team-inner\">\n\t\t\t\t\t<div class=\"mkdf-team-image\">\n                <img loading=\"lazy\" decoding=\"async\" width=\"800\" height=\"1021\" src=\"https:\/\/vetart.com.tr\/en\/wp-content\/uploads\/2022\/02\/Murat-Kilic.png\" class=\"attachment-full size-full\" alt=\"\" srcset=\"https:\/\/vetart.com.tr\/en\/wp-content\/uploads\/2022\/02\/Murat-Kilic.png 800w, https:\/\/vetart.com.tr\/en\/wp-content\/uploads\/2022\/02\/Murat-Kilic-235x300.png 235w, https:\/\/vetart.com.tr\/en\/wp-content\/uploads\/2022\/02\/Murat-Kilic-768x980.png 768w\" sizes=\"(max-width: 800px) 100vw, 800px\" \/>\t\t\t\t                    <a class=\"mkdf-team-link\" href=\"#\" target=\"_self\" ><\/a>\n                \t\t\t<\/div>\n\t\t\t\t<div class=\"mkdf-team-info\">\n\t\t\t\t\t\t\t<h4 class=\"mkdf-team-name\" >M. Murat K\u0131l\u0131\u00e7<\/h4>\n\t\t\t\t\t\t\t\t\t\t<h6 class=\"mkdf-team-position\" >Veterinarian<\/h6>\n\t\t\t\t\t\t\t\t\t\t\t<\/div>\n\t<\/div>\n<\/div>[vc_empty_space][\/vc_column][\/vc_row][vc_row row_content_width=&#8221;grid&#8221; css=&#8221;.vc_custom_1563279890043{padding-bottom: 96px !important;}&#8221;][vc_column css=&#8221;.vc_custom_1563196213128{padding-right: 10px !important;padding-left: 10px !important;}&#8221; offset=&#8221;vc_col-lg-4 vc_col-md-6 vc_col-xs-12&#8243;]<div class=\"mkdf-team-holder mkdf-team-info-below-image\">\n\t<div class=\"mkdf-team-inner\">\n\t\t\t\t\t<div class=\"mkdf-team-image\">\n                <img loading=\"lazy\" decoding=\"async\" width=\"800\" height=\"1021\" src=\"https:\/\/vetart.com.tr\/en\/wp-content\/uploads\/2022\/05\/ceren-artiran.png\" class=\"attachment-full size-full\" alt=\"\" srcset=\"https:\/\/vetart.com.tr\/en\/wp-content\/uploads\/2022\/05\/ceren-artiran.png 800w, https:\/\/vetart.com.tr\/en\/wp-content\/uploads\/2022\/05\/ceren-artiran-235x300.png 235w, https:\/\/vetart.com.tr\/en\/wp-content\/uploads\/2022\/05\/ceren-artiran-768x980.png 768w\" sizes=\"(max-width: 800px) 100vw, 800px\" \/>\t\t\t\t                    <a class=\"mkdf-team-link\" href=\"#\" target=\"_self\" ><\/a>\n                \t\t\t<\/div>\n\t\t\t\t<div class=\"mkdf-team-info\">\n\t\t\t\t\t\t\t<h4 class=\"mkdf-team-name\" >Ceren Art\u0131ran<\/h4>\n\t\t\t\t\t\t\t\t\t\t<h6 class=\"mkdf-team-position\" >Veterinarian<\/h6>\n\t\t\t\t\t\t\t\t\t\t\t<\/div>\n\t<\/div>\n<\/div>[vc_empty_space][\/vc_column][vc_column css=&#8221;.vc_custom_1563196206070{padding-right: 10px !important;padding-left: 10px !important;}&#8221; offset=&#8221;vc_col-lg-4 vc_col-md-6 vc_col-xs-12&#8243;]<div class=\"mkdf-team-holder mkdf-team-info-below-image\">\n\t<div class=\"mkdf-team-inner\">\n\t\t\t\t\t<div class=\"mkdf-team-image\">\n                <img loading=\"lazy\" decoding=\"async\" width=\"800\" height=\"1021\" src=\"https:\/\/vetart.com.tr\/en\/wp-content\/uploads\/2022\/02\/default.png\" class=\"attachment-full size-full\" alt=\"\" srcset=\"https:\/\/vetart.com.tr\/en\/wp-content\/uploads\/2022\/02\/default.png 800w, https:\/\/vetart.com.tr\/en\/wp-content\/uploads\/2022\/02\/default-235x300.png 235w, https:\/\/vetart.com.tr\/en\/wp-content\/uploads\/2022\/02\/default-768x980.png 768w\" sizes=\"(max-width: 800px) 100vw, 800px\" \/>\t\t\t\t                    <a class=\"mkdf-team-link\" href=\"#\" target=\"_self\" ><\/a>\n                \t\t\t<\/div>\n\t\t\t\t<div class=\"mkdf-team-info\">\n\t\t\t\t\t\t\t<h4 class=\"mkdf-team-name\" >Bora Pehlivanl\u0131<\/h4>\n\t\t\t\t\t\t\t\t\t\t<h6 class=\"mkdf-team-position\" >Veterinarian<\/h6>\n\t\t\t\t\t\t\t\t\t\t\t<\/div>\n\t<\/div>\n<\/div>[vc_empty_space][\/vc_column][vc_column css=&#8221;.vc_custom_1563196224140{padding-right: 10px !important;padding-left: 10px !important;}&#8221; offset=&#8221;vc_col-lg-4 vc_col-md-6 vc_col-xs-12&#8243;]<div class=\"mkdf-team-holder mkdf-team-info-below-image\">\n\t<div class=\"mkdf-team-inner\">\n\t\t\t\t\t<div class=\"mkdf-team-image\">\n                <img loading=\"lazy\" decoding=\"async\" width=\"800\" height=\"1021\" src=\"https:\/\/vetart.com.tr\/en\/wp-content\/uploads\/2022\/02\/default.png\" class=\"attachment-full size-full\" alt=\"\" srcset=\"https:\/\/vetart.com.tr\/en\/wp-content\/uploads\/2022\/02\/default.png 800w, https:\/\/vetart.com.tr\/en\/wp-content\/uploads\/2022\/02\/default-235x300.png 235w, https:\/\/vetart.com.tr\/en\/wp-content\/uploads\/2022\/02\/default-768x980.png 768w\" sizes=\"(max-width: 800px) 100vw, 800px\" \/>\t\t\t\t                    <a class=\"mkdf-team-link\" href=\"#\" target=\"_self\" ><\/a>\n                \t\t\t<\/div>\n\t\t\t\t<div class=\"mkdf-team-info\">\n\t\t\t\t\t\t\t<h4 class=\"mkdf-team-name\" >Berkay Deniz Etirli<\/h4>\n\t\t\t\t\t\t\t\t\t\t<h6 class=\"mkdf-team-position\" >Veterinarian<\/h6>\n\t\t\t\t\t\t\t\t\t\t\t<\/div>\n\t<\/div>\n<\/div>[vc_empty_space][\/vc_column][\/vc_row][vc_row row_content_width=&#8221;grid&#8221; css=&#8221;.vc_custom_1563279890043{padding-bottom: 96px !important;}&#8221;][vc_column css=&#8221;.vc_custom_1563196213128{padding-right: 10px !important;padding-left: 10px !important;}&#8221; offset=&#8221;vc_col-lg-4 vc_col-md-6 vc_col-xs-12&#8243;]<div class=\"mkdf-team-holder mkdf-team-info-below-image\">\n\t<div class=\"mkdf-team-inner\">\n\t\t\t\t\t<div class=\"mkdf-team-image\">\n                <img loading=\"lazy\" decoding=\"async\" width=\"800\" height=\"1021\" src=\"https:\/\/vetart.com.tr\/en\/wp-content\/uploads\/2022\/02\/emre-seymen.png\" class=\"attachment-full size-full\" alt=\"\" srcset=\"https:\/\/vetart.com.tr\/en\/wp-content\/uploads\/2022\/02\/emre-seymen.png 800w, https:\/\/vetart.com.tr\/en\/wp-content\/uploads\/2022\/02\/emre-seymen-235x300.png 235w, https:\/\/vetart.com.tr\/en\/wp-content\/uploads\/2022\/02\/emre-seymen-768x980.png 768w\" sizes=\"(max-width: 800px) 100vw, 800px\" \/>\t\t\t\t                    <a class=\"mkdf-team-link\" href=\"#\" target=\"_self\" ><\/a>\n                \t\t\t<\/div>\n\t\t\t\t<div class=\"mkdf-team-info\">\n\t\t\t\t\t\t\t<h4 class=\"mkdf-team-name\" >Emre Can Seymen<\/h4>\n\t\t\t\t\t\t\t\t\t\t<h6 class=\"mkdf-team-position\" >Veterinary Technician<\/h6>\n\t\t\t\t\t\t\t\t\t\t\t<\/div>\n\t<\/div>\n<\/div>[vc_empty_space][\/vc_column][vc_column css=&#8221;.vc_custom_1563196206070{padding-right: 10px !important;padding-left: 10px !important;}&#8221; offset=&#8221;vc_col-lg-4 vc_col-md-6 vc_col-xs-12&#8243;]<div class=\"mkdf-team-holder mkdf-team-info-below-image\">\n\t<div class=\"mkdf-team-inner\">\n\t\t\t\t\t<div class=\"mkdf-team-image\">\n                <img loading=\"lazy\" decoding=\"async\" width=\"800\" height=\"1021\" src=\"https:\/\/vetart.com.tr\/en\/wp-content\/uploads\/2022\/02\/elif-gonultas.png\" class=\"attachment-full size-full\" alt=\"\" srcset=\"https:\/\/vetart.com.tr\/en\/wp-content\/uploads\/2022\/02\/elif-gonultas.png 800w, https:\/\/vetart.com.tr\/en\/wp-content\/uploads\/2022\/02\/elif-gonultas-235x300.png 235w, https:\/\/vetart.com.tr\/en\/wp-content\/uploads\/2022\/02\/elif-gonultas-768x980.png 768w\" sizes=\"(max-width: 800px) 100vw, 800px\" \/>\t\t\t\t                    <a class=\"mkdf-team-link\" href=\"#\" target=\"_self\" ><\/a>\n                \t\t\t<\/div>\n\t\t\t\t<div class=\"mkdf-team-info\">\n\t\t\t\t\t\t\t<h4 class=\"mkdf-team-name\" >Elif G\u00f6n\u00fclta\u015f<\/h4>\n\t\t\t\t\t\t\t\t\t\t<h6 class=\"mkdf-team-position\" >Veterinary Technician<\/h6>\n\t\t\t\t\t\t\t\t\t\t\t<\/div>\n\t<\/div>\n<\/div>[vc_empty_space][\/vc_column][vc_column css=&#8221;.vc_custom_1563196224140{padding-right: 10px !important;padding-left: 10px !important;}&#8221; offset=&#8221;vc_col-lg-4 vc_col-md-6 vc_col-xs-12&#8243;]<div class=\"mkdf-team-holder mkdf-team-info-below-image\">\n\t<div class=\"mkdf-team-inner\">\n\t\t\t\t\t<div class=\"mkdf-team-image\">\n                <img loading=\"lazy\" decoding=\"async\" width=\"800\" height=\"1021\" src=\"https:\/\/vetart.com.tr\/en\/wp-content\/uploads\/2022\/02\/default.png\" class=\"attachment-full size-full\" alt=\"\" srcset=\"https:\/\/vetart.com.tr\/en\/wp-content\/uploads\/2022\/02\/default.png 800w, https:\/\/vetart.com.tr\/en\/wp-content\/uploads\/2022\/02\/default-235x300.png 235w, https:\/\/vetart.com.tr\/en\/wp-content\/uploads\/2022\/02\/default-768x980.png 768w\" sizes=\"(max-width: 800px) 100vw, 800px\" \/>\t\t\t\t                    <a class=\"mkdf-team-link\" href=\"#\" target=\"_self\" ><\/a>\n                \t\t\t<\/div>\n\t\t\t\t<div class=\"mkdf-team-info\">\n\t\t\t\t\t\t\t<h4 class=\"mkdf-team-name\" >Serap \u00d6ger<\/h4>\n\t\t\t\t\t\t\t\t\t\t<h6 class=\"mkdf-team-position\" >Veterinary Technician<\/h6>\n\t\t\t\t\t\t\t\t\t\t\t<\/div>\n\t<\/div>\n<\/div>[vc_empty_space][\/vc_column][\/vc_row][vc_row row_content_width=&#8221;grid&#8221; css=&#8221;.vc_custom_1563279890043{padding-bottom: 96px !important;}&#8221;][vc_column css=&#8221;.vc_custom_1563196206070{padding-right: 10px !important;padding-left: 10px !important;}&#8221; offset=&#8221;vc_col-lg-4 vc_col-md-6 vc_col-xs-12&#8243;]<div class=\"mkdf-team-holder mkdf-team-info-below-image\">\n\t<div class=\"mkdf-team-inner\">\n\t\t\t\t\t<div class=\"mkdf-team-image\">\n                <img loading=\"lazy\" decoding=\"async\" width=\"800\" height=\"1021\" src=\"https:\/\/vetart.com.tr\/en\/wp-content\/uploads\/2022\/02\/rukiye-kurt.png\" class=\"attachment-full size-full\" alt=\"\" srcset=\"https:\/\/vetart.com.tr\/en\/wp-content\/uploads\/2022\/02\/rukiye-kurt.png 800w, https:\/\/vetart.com.tr\/en\/wp-content\/uploads\/2022\/02\/rukiye-kurt-235x300.png 235w, https:\/\/vetart.com.tr\/en\/wp-content\/uploads\/2022\/02\/rukiye-kurt-768x980.png 768w\" sizes=\"(max-width: 800px) 100vw, 800px\" \/>\t\t\t\t                    <a class=\"mkdf-team-link\" href=\"#\" target=\"_self\" ><\/a>\n                \t\t\t<\/div>\n\t\t\t\t<div class=\"mkdf-team-info\">\n\t\t\t\t\t\t\t<h4 class=\"mkdf-team-name\" >Rukiye Kurt<\/h4>\n\t\t\t\t\t\t\t\t\t\t<h6 class=\"mkdf-team-position\" >Veterinary Technician<\/h6>\n\t\t\t\t\t\t\t\t\t\t\t<\/div>\n\t<\/div>\n<\/div>[vc_empty_space][\/vc_column][vc_column css=&#8221;.vc_custom_1563196213128{padding-right: 10px !important;padding-left: 10px !important;}&#8221; offset=&#8221;vc_col-lg-4 vc_col-md-6 vc_col-xs-12&#8243;]<div class=\"mkdf-team-holder mkdf-team-info-below-image\">\n\t<div class=\"mkdf-team-inner\">\n\t\t\t\t\t<div class=\"mkdf-team-image\">\n                <img loading=\"lazy\" decoding=\"async\" width=\"800\" height=\"1021\" src=\"https:\/\/vetart.com.tr\/en\/wp-content\/uploads\/2022\/02\/default.png\" class=\"attachment-full size-full\" alt=\"\" srcset=\"https:\/\/vetart.com.tr\/en\/wp-content\/uploads\/2022\/02\/default.png 800w, https:\/\/vetart.com.tr\/en\/wp-content\/uploads\/2022\/02\/default-235x300.png 235w, https:\/\/vetart.com.tr\/en\/wp-content\/uploads\/2022\/02\/default-768x980.png 768w\" sizes=\"(max-width: 800px) 100vw, 800px\" \/>\t\t\t\t                    <a class=\"mkdf-team-link\" href=\"#\" target=\"_self\" ><\/a>\n                \t\t\t<\/div>\n\t\t\t\t<div class=\"mkdf-team-info\">\n\t\t\t\t\t\t\t<h4 class=\"mkdf-team-name\" >Umut Ye\u015filalio\u011flu<\/h4>\n\t\t\t\t\t\t\t\t\t\t<h6 class=\"mkdf-team-position\" >Veterinary Technician<\/h6>\n\t\t\t\t\t\t\t\t\t\t\t<\/div>\n\t<\/div>\n<\/div>[vc_empty_space][\/vc_column][vc_column css=&#8221;.vc_custom_1563196224140{padding-right: 10px !important;padding-left: 10px !important;}&#8221; offset=&#8221;vc_col-lg-4 vc_col-md-6 vc_col-xs-12&#8243;]<div class=\"mkdf-team-holder mkdf-team-info-below-image\">\n\t<div class=\"mkdf-team-inner\">\n\t\t\t\t\t<div class=\"mkdf-team-image\">\n                <img loading=\"lazy\" decoding=\"async\" width=\"800\" height=\"1021\" src=\"https:\/\/vetart.com.tr\/en\/wp-content\/uploads\/2022\/05\/merve-cilesiz.png\" class=\"attachment-full size-full\" alt=\"\" srcset=\"https:\/\/vetart.com.tr\/en\/wp-content\/uploads\/2022\/05\/merve-cilesiz.png 800w, https:\/\/vetart.com.tr\/en\/wp-content\/uploads\/2022\/05\/merve-cilesiz-235x300.png 235w, https:\/\/vetart.com.tr\/en\/wp-content\/uploads\/2022\/05\/merve-cilesiz-768x980.png 768w\" sizes=\"(max-width: 800px) 100vw, 800px\" \/>\t\t\t\t                    <a class=\"mkdf-team-link\" href=\"#\" target=\"_self\" ><\/a>\n                \t\t\t<\/div>\n\t\t\t\t<div class=\"mkdf-team-info\">\n\t\t\t\t\t\t\t<h4 class=\"mkdf-team-name\" >Merve \u00c7ilesiz<\/h4>\n\t\t\t\t\t\t\t\t\t\t<h6 class=\"mkdf-team-position\" >Veterinary Technician<\/h6>\n\t\t\t\t\t\t\t\t\t\t\t<\/div>\n\t<\/div>\n<\/div>[vc_empty_space][\/vc_column][\/vc_row][vc_row row_content_width=&#8221;grid&#8221; css=&#8221;.vc_custom_1563279890043{padding-bottom: 96px !important;}&#8221;][vc_column css=&#8221;.vc_custom_1563196206070{padding-right: 10px !important;padding-left: 10px !important;}&#8221; offset=&#8221;vc_col-lg-4 vc_col-md-6 vc_col-xs-12&#8243;]<div class=\"mkdf-team-holder mkdf-team-info-below-image\">\n\t<div class=\"mkdf-team-inner\">\n\t\t\t\t\t<div class=\"mkdf-team-image\">\n                <img loading=\"lazy\" decoding=\"async\" width=\"768\" height=\"980\" src=\"https:\/\/vetart.com.tr\/en\/wp-content\/uploads\/2026\/04\/tugce-aygun-768x980-1.jpg\" class=\"attachment-full size-full\" alt=\"\" srcset=\"https:\/\/vetart.com.tr\/en\/wp-content\/uploads\/2026\/04\/tugce-aygun-768x980-1.jpg 768w, https:\/\/vetart.com.tr\/en\/wp-content\/uploads\/2026\/04\/tugce-aygun-768x980-1-235x300.jpg 235w\" sizes=\"(max-width: 768px) 100vw, 768px\" \/>\t\t\t\t                    <a class=\"mkdf-team-link\" href=\"#\" target=\"_self\" ><\/a>\n                \t\t\t<\/div>\n\t\t\t\t<div class=\"mkdf-team-info\">\n\t\t\t\t\t\t\t<h4 class=\"mkdf-team-name\" >Tu\u011f\u00e7e K\u0131l\u0131\u00e7<\/h4>\n\t\t\t\t\t\t\t\t\t\t<h6 class=\"mkdf-team-position\" >Veterinary Technician<\/h6>\n\t\t\t\t\t\t\t\t\t\t\t<\/div>\n\t<\/div>\n<\/div>[vc_empty_space][\/vc_column][vc_column css=&#8221;.vc_custom_1563196213128{padding-right: 10px !important;padding-left: 10px !important;}&#8221; offset=&#8221;vc_col-lg-4 vc_col-md-6 vc_col-xs-12&#8243;]<div class=\"mkdf-team-holder mkdf-team-info-below-image\">\n\t<div class=\"mkdf-team-inner\">\n\t\t\t\t\t<div class=\"mkdf-team-image\">\n                <img loading=\"lazy\" decoding=\"async\" width=\"800\" height=\"1021\" src=\"https:\/\/vetart.com.tr\/en\/wp-content\/uploads\/2022\/02\/default.png\" class=\"attachment-full size-full\" alt=\"\" srcset=\"https:\/\/vetart.com.tr\/en\/wp-content\/uploads\/2022\/02\/default.png 800w, https:\/\/vetart.com.tr\/en\/wp-content\/uploads\/2022\/02\/default-235x300.png 235w, https:\/\/vetart.com.tr\/en\/wp-content\/uploads\/2022\/02\/default-768x980.png 768w\" sizes=\"(max-width: 800px) 100vw, 800px\" \/>\t\t\t\t                    <a class=\"mkdf-team-link\" href=\"#\" target=\"_self\" ><\/a>\n                \t\t\t<\/div>\n\t\t\t\t<div class=\"mkdf-team-info\">\n\t\t\t\t\t\t\t<h4 class=\"mkdf-team-name\" >Serap Akbaba<\/h4>\n\t\t\t\t\t\t\t\t\t\t<h6 class=\"mkdf-team-position\" >Auxiliary Staff<\/h6>\n\t\t\t\t\t\t\t\t\t\t\t<\/div>\n\t<\/div>\n<\/div>[vc_empty_space][\/vc_column][vc_column css=&#8221;.vc_custom_1563196224140{padding-right: 10px !important;padding-left: 10px !important;}&#8221; offset=&#8221;vc_col-lg-4 vc_col-md-6 vc_col-xs-12&#8243;]<div class=\"mkdf-team-holder mkdf-team-info-below-image\">\n\t<div class=\"mkdf-team-inner\">\n\t\t\t\t\t<div class=\"mkdf-team-image\">\n                <img loading=\"lazy\" decoding=\"async\" width=\"800\" height=\"1021\" src=\"https:\/\/vetart.com.tr\/en\/wp-content\/uploads\/2022\/05\/dogan-sarihan.png\" class=\"attachment-full size-full\" alt=\"\" srcset=\"https:\/\/vetart.com.tr\/en\/wp-content\/uploads\/2022\/05\/dogan-sarihan.png 800w, https:\/\/vetart.com.tr\/en\/wp-content\/uploads\/2022\/05\/dogan-sarihan-235x300.png 235w, https:\/\/vetart.com.tr\/en\/wp-content\/uploads\/2022\/05\/dogan-sarihan-768x980.png 768w\" sizes=\"(max-width: 800px) 100vw, 800px\" \/>\t\t\t\t                    <a class=\"mkdf-team-link\" href=\"#\" target=\"_self\" ><\/a>\n                \t\t\t<\/div>\n\t\t\t\t<div class=\"mkdf-team-info\">\n\t\t\t\t\t\t\t<h4 class=\"mkdf-team-name\" >Do\u011fan Sar\u0131han<\/h4>\n\t\t\t\t\t\t\t\t\t\t<h6 class=\"mkdf-team-position\" >Auxiliary Staff<\/h6>\n\t\t\t\t\t\t\t\t\t\t\t<\/div>\n\t<\/div>\n<\/div>[vc_empty_space][\/vc_column][\/vc_row]<\/p>\n","protected":false},"excerpt":{"rendered":"<p>[vc_row row_content_width=&#8221;grid&#8221; css=&#8221;.vc_custom_1563279890043{padding-bottom: 96px !important;}&#8221;][vc_column css=&#8221;.vc_custom_1563196206070{padding-right: 10px !important;padding-left: 10px !important;}&#8221; offset=&#8221;vc_col-lg-4 vc_col-md-6 vc_col-xs-12&#8243;][vc_empty_space][\/vc_column][vc_column css=&#8221;.vc_custom_1563196213128{padding-right: 10px !important;padding-left: 10px !important;}&#8221; offset=&#8221;vc_col-lg-4 vc_col-md-6 vc_col-xs-12&#8243;][vc_empty_space][\/vc_column][vc_column css=&#8221;.vc_custom_1563196224140{padding-right: 10px !important;padding-left: 10px !important;}&#8221; offset=&#8221;vc_col-lg-4 vc_col-md-6 vc_col-xs-12&#8243;][vc_empty_space][\/vc_column][\/vc_row][vc_row row_content_width=&#8221;grid&#8221; css=&#8221;.vc_custom_1563279890043{padding-bottom: 96px !important;}&#8221;][vc_column css=&#8221;.vc_custom_1563196213128{padding-right: 10px !important;padding-left: 10px !important;}&#8221; offset=&#8221;vc_col-lg-4 vc_col-md-6 [&hellip;]<\/p>\n","protected":false},"author":1,"featured_media":0,"parent":0,"menu_order":0,"comment_status":"closed","ping_status":"closed","template":"","meta":{"footnotes":""},"class_list":["post-1132","page","type-page","status-publish","hentry"],"aioseo_notices":[],"_links":{"self":[{"href":"https:\/\/vetart.com.tr\/en\/wp-json\/wp\/v2\/pages\/1132"}],"collection":[{"href":"https:\/\/vetart.com.tr\/en\/wp-json\/wp\/v2\/pages"}],"about":[{"href":"https:\/\/vetart.com.tr\/en\/wp-json\/wp\/v2\/types\/page"}],"author":[{"embeddable":true,"href":"https:\/\/vetart.com.tr\/en\/wp-json\/wp\/v2\/users\/1"}],"replies":[{"embeddable":true,"href":"https:\/\/vetart.com.tr\/en\/wp-json\/wp\/v2\/comments?post=1132"}],"version-history":[{"count":57,"href":"https:\/\/vetart.com.tr\/en\/wp-json\/wp\/v2\/pages\/1132\/revisions"}],"predecessor-version":[{"id":5575,"href":"https:\/\/vetart.com.tr\/en\/wp-json\/wp\/v2\/pages\/1132\/revisions\/5575"}],"wp:attachment":[{"href":"https:\/\/vetart.com.tr\/en\/wp-json\/wp\/v2\/media?parent=1132"}],"curies":[{"name":"wp","href":"https:\/\/api.w.org\/{rel}","templated":true}]}}