{"id":728,"date":"2014-07-02T14:06:16","date_gmt":"2014-07-02T14:06:16","guid":{"rendered":"http:\/\/clinico.creaws.com\/?page_id=728"},"modified":"2022-02-09T11:39:33","modified_gmt":"2022-02-09T08:39:33","slug":"contact","status":"publish","type":"page","link":"https:\/\/vetart.com.tr\/en\/contact\/","title":{"rendered":"Contacts"},"content":{"rendered":"<p>[vc_row row_content_width=&#8221;grid&#8221; css=&#8221;.vc_custom_1565099935047{padding-top: 130px !important;}&#8221;][vc_column css=&#8221;.vc_custom_1563191624163{padding-top: 0px !important;}&#8221;]<div class=\"mkdf-elements-holder   mkdf-two-columns  mkdf-responsive-mode-1024  fifty-fifty\" ><div class=\"mkdf-eh-item  mkdf-vertical-alignment-top   \"  data-item-class=\"mkdf-eh-custom-2602\" data-1367-1600=\"0% 12% 0% 0%\" data-1025-1366=\"0% 12% 0% 0%\" data-769-1024=\"0% 0% 10% 0%\" data-681-768=\"0% 0% 10% 0%\" data-680=\"0% 0% 10% 0%\">\n\t<div class=\"mkdf-eh-item-inner\">\n\t\t<div class=\"mkdf-eh-item-content mkdf-eh-custom-2602\" style=\"padding: 0px 12% 0% 0%\">\n\t\t\t[vc_column_text]<i class=\"fa fa-home\" style=\"color: #000000;\"><\/i> : <a href=\"https:\/\/www.google.com\/maps\/place\/VETART+VETER%C4%B0NER+POL%C4%B0KL%C4%B0N%C4%B0%C4%9E%C4%B0\/@41.0280258,29.0294329,15z\/data=!4m5!3m4!1s0x0:0x82c753b3e2d8cd97!8m2!3d41.0280258!4d29.0294329\">\u0130cadiye Mahallesi, Cumhuriyet Cad. No: 57 37674 F\u0131st\u0131ka\u011fac\u0131 \u00dcsk\u00fcdar\/\u0130stanbul<\/a><br \/>\n<i class=\"fa fa-phone\" style=\"color: #000000;\"><\/i> <a href=\"tel:02165530112\"> : +90 (216) 553 01 12<\/a><br \/>\n<i class=\"fab fa-whatsapp\" style=\"color: #000000;\"><\/i> <a href=\"tel:+905064782320\"> : +90 (506) 478 23 20<\/a><br \/>\n<i class=\"fa fa-envelope\" style=\"color: #000000;\"><\/i> <a href=\"mail:info@tvetart.com.tr\"> : info@vetart.com.tr<\/a>[\/vc_column_text][vc_empty_space height=&#8221;45px&#8221;]<div class=\"mkdf-single-image-holder   rounded \">\n    <div class=\"mkdf-si-inner\" >\n                                    <img loading=\"lazy\" decoding=\"async\" width=\"800\" height=\"462\" src=\"https:\/\/vetart.com.tr\/en\/wp-content\/uploads\/2019\/07\/h1-img-9.jpg\" class=\"attachment-full size-full\" alt=\"a\" srcset=\"https:\/\/vetart.com.tr\/en\/wp-content\/uploads\/2019\/07\/h1-img-9.jpg 800w, https:\/\/vetart.com.tr\/en\/wp-content\/uploads\/2019\/07\/h1-img-9-300x173.jpg 300w, https:\/\/vetart.com.tr\/en\/wp-content\/uploads\/2019\/07\/h1-img-9-768x444.jpg 768w\" sizes=\"(max-width: 800px) 100vw, 800px\" \/>                        <\/div>\n<\/div>\t\t<\/div>\n\t<\/div>\n<\/div><div class=\"mkdf-eh-item     rounded-corners\" style=\"background-color: #f04336;background-image: url(https:\/\/vetart.com.tr\/en\/wp-content\/uploads\/2019\/07\/h1-img-10.jpg)\" data-item-class=\"mkdf-eh-custom-2938\" data-1367-1600=\"7.5% 11.5% 8%\" data-1025-1366=\"7.5% 11.5% 8%\" data-680=\"7.5% 7.5% 8%\">\n\t<div class=\"mkdf-eh-item-inner\">\n\t\t<div class=\"mkdf-eh-item-content mkdf-eh-custom-2938\" style=\"padding: 7.5% 14.5% 8% 14.5%\">\n\t\t\t<div class=\"mkdf-section-title-holder   mkdf-st-highlight\" style=\"text-align: left\">\n\t<div class=\"mkdf-st-inner\">\n\t\t\t\t\t<h4 class=\"mkdf-st-title\" style=\"color: #ffffff\">\n                                        Fell free to ask Us <span class=\"mkdf-st-highlight-title-holder\" style=\"color: #ffffff\">\n                                                        <span class=\"mkdf-st-highlight-title\" style=\"color: #f04336\">anything.<\/span>\n                                                        <span class=\"mkdf-st-highlight\">\n                                                            <svg xmlns=\"http:\/\/www.w3.org\/2000\/svg\" xmlns:xlink=\"http:\/\/www.w3.org\/1999\/xlink\" width=\"15\" height=\"100%\" preserveAspectRatio=\"none\" viewBox=\"-0.5 -0.5 11 29\" xml:space=\"preserve\" class=\"mkdf-active-hover-left\">\n                    <path class=\"st0\" d=\"M2,0C0.9,0,0,0.9,0,2l2,23.8c0,1.1,0.9,2,2,2h3.9V0H2z\"\/>\n                <\/svg>\n                                                        <span class=\"mkdf-active-hover-middle\"><\/span>\n                                                            <svg xmlns=\"http:\/\/www.w3.org\/2000\/svg\" xmlns:xlink=\"http:\/\/www.w3.org\/1999\/xlink\" width=\"15\" height=\"100%\" preserveAspectRatio=\"none\" viewBox=\"-0.5 -0.5 11 29\" xml:space=\"preserve\" class=\"mkdf-active-hover-right\">\n                    <g><path class=\"st0\" d=\"M5.9,0c1.1,0,2,0.9,2,2L5,25.8c-0.2,1.6-1.1,1.9-3,2H0V0H5.9\"\/><\/g>\n                <\/svg>\n                                                        <\/span>\n                                                    <\/span>                \t\t\t<\/h4>\n\t\t\t\t\t\t\t<\/div>\n<\/div>[vc_empty_space height=&#8221;30px&#8221;]\n<div class=\"wpcf7 no-js\" id=\"wpcf7-f1185-o1\" lang=\"en-US\" dir=\"ltr\">\n<div class=\"screen-reader-response\"><p role=\"status\" aria-live=\"polite\" aria-atomic=\"true\"><\/p> <ul><\/ul><\/div>\n<form action=\"\/en\/wp-json\/wp\/v2\/pages\/728#wpcf7-f1185-o1\" method=\"post\" class=\"wpcf7-form init cf7_custom_style_1\" aria-label=\"Contact form\" novalidate=\"novalidate\" data-status=\"init\">\n<div style=\"display: none;\">\n<input type=\"hidden\" name=\"_wpcf7\" value=\"1185\" \/>\n<input type=\"hidden\" name=\"_wpcf7_version\" value=\"5.9.7\" \/>\n<input type=\"hidden\" name=\"_wpcf7_locale\" value=\"en_US\" \/>\n<input type=\"hidden\" name=\"_wpcf7_unit_tag\" value=\"wpcf7-f1185-o1\" \/>\n<input type=\"hidden\" name=\"_wpcf7_container_post\" value=\"0\" \/>\n<input type=\"hidden\" name=\"_wpcf7_posted_data_hash\" value=\"\" \/>\n<\/div>\n<p><span class=\"wpcf7-form-control-wrap\" data-name=\"your-name\"><input size=\"40\" maxlength=\"400\" class=\"wpcf7-form-control wpcf7-text wpcf7-validates-as-required\" aria-required=\"true\" aria-invalid=\"false\" placeholder=\"Your name &amp; Surname\" value=\"\" type=\"text\" name=\"your-name\" \/><\/span><span class=\"wpcf7-form-control-wrap\" data-name=\"your-email\"><input size=\"40\" maxlength=\"400\" class=\"wpcf7-form-control wpcf7-email wpcf7-validates-as-required wpcf7-text wpcf7-validates-as-email\" aria-required=\"true\" aria-invalid=\"false\" placeholder=\"E-mail\" value=\"\" type=\"email\" name=\"your-email\" \/><\/span><span class=\"wpcf7-form-control-wrap\" data-name=\"subject\"><input size=\"40\" maxlength=\"400\" class=\"wpcf7-form-control wpcf7-text wpcf7-validates-as-required\" aria-required=\"true\" aria-invalid=\"false\" placeholder=\"Subject\" value=\"\" type=\"text\" name=\"subject\" \/><\/span><span class=\"wpcf7-form-control-wrap\" data-name=\"Message\"><textarea cols=\"40\" rows=\"4\" maxlength=\"2000\" class=\"wpcf7-form-control wpcf7-textarea wpcf7-validates-as-required form-control\" id=\"Message\" aria-required=\"true\" aria-invalid=\"false\" placeholder=\"Type in your message here\" name=\"Message\"><\/textarea><\/span><br \/>\n<span class=\"wpcf7-form-control-wrap\" data-name=\"random-math-quiz\"><label><span class=\"wpcf7-quiz-label\">22+24=?<\/span> <input size=\"40\" class=\"wpcf7-form-control wpcf7-quiz\" autocomplete=\"off\" aria-required=\"true\" aria-invalid=\"false\" type=\"text\" name=\"random-math-quiz\" \/><\/label><input type=\"hidden\" name=\"_wpcf7_quiz_answer_random-math-quiz\" value=\"b03c6c6d5537de0822621bcdd8835b08\" \/><\/span>\n<\/p>\n<p><button class=\"wpcf7-form-control wpcf7-submit mkdf-btn mkdf-btn-medium mkdf-btn-solid mkdf-btn-custom-hover-color mkdf-btn-custom-hover-bg mkdf-btn-custom-border-hover\" type=\"submit\"><span class=\"mkdf-btn-text\">SUBMIT<\/span><\/button>\n<\/p><div class=\"wpcf7-response-output\" aria-hidden=\"true\"><\/div>\n<\/form>\n<\/div>\n\t\t<\/div>\n\t<\/div>\n<\/div><\/div>[\/vc_column][\/vc_row][vc_row css=&#8221;.vc_custom_1563197397271{padding-top: 130px !important;}&#8221;][vc_column][vc_column_text]\n\t\t<div id=\"intergeo_mapQNykjM\" class=\"intergeo_map_canvas\" style=\"width:100%;height:300px;width:100%;height:450px;\"><\/div>\n\t\t<script type=\"text\/javascript\">\n\t\t\t\/* <![CDATA[ *\/\n\t\t\tif (!window.intergeo_maps) window.intergeo_maps = [];\n\t\t\twindow.intergeo_maps.push( { container: 'intergeo_mapQNykjM', options: {\"lat\":41.02810449452929,\"lng\":29.029437608559356,\"zoom\":18,\"map\":{\"zoomControlOptions\":{\"position\":\"TOP_CENTER\"}},\"overlays\":{\"marker\":[{\"position\":[\"41.028018\",\"29.029438\"],\"icon\":\"https:\\\/\\\/maps.google.com\\\/mapfiles\\\/ms\\\/icons\\\/red-dot.png\",\"info\":\"\",\"title\":\"VETART VETERINARY POLYCLINIC\",\"loc\":\"\"}]}} } );\n\t\t\tif (!window.intergeo_maps_current) window.intergeo_maps_current = null;\n\t\t\t\/* ]]> *\/\n\t\t<\/script>\n\t\t[\/vc_column_text][\/vc_column][\/vc_row]<\/p>\n","protected":false},"excerpt":{"rendered":"<p>[vc_row row_content_width=&#8221;grid&#8221; css=&#8221;.vc_custom_1565099935047{padding-top: 130px !important;}&#8221;][vc_column css=&#8221;.vc_custom_1563191624163{padding-top: 0px !important;}&#8221;][\/vc_column][\/vc_row][vc_row css=&#8221;.vc_custom_1563197397271{padding-top: 130px !important;}&#8221;][vc_column][vc_column_text][\/vc_column_text][\/vc_column][\/vc_row]<\/p>\n","protected":false},"author":1,"featured_media":0,"parent":0,"menu_order":0,"comment_status":"closed","ping_status":"closed","template":"","meta":{"footnotes":""},"class_list":["post-728","page","type-page","status-publish","hentry"],"aioseo_notices":[],"_links":{"self":[{"href":"https:\/\/vetart.com.tr\/en\/wp-json\/wp\/v2\/pages\/728"}],"collection":[{"href":"https:\/\/vetart.com.tr\/en\/wp-json\/wp\/v2\/pages"}],"about":[{"href":"https:\/\/vetart.com.tr\/en\/wp-json\/wp\/v2\/types\/page"}],"author":[{"embeddable":true,"href":"https:\/\/vetart.com.tr\/en\/wp-json\/wp\/v2\/users\/1"}],"replies":[{"embeddable":true,"href":"https:\/\/vetart.com.tr\/en\/wp-json\/wp\/v2\/comments?post=728"}],"version-history":[{"count":35,"href":"https:\/\/vetart.com.tr\/en\/wp-json\/wp\/v2\/pages\/728\/revisions"}],"predecessor-version":[{"id":5410,"href":"https:\/\/vetart.com.tr\/en\/wp-json\/wp\/v2\/pages\/728\/revisions\/5410"}],"wp:attachment":[{"href":"https:\/\/vetart.com.tr\/en\/wp-json\/wp\/v2\/media?parent=728"}],"curies":[{"name":"wp","href":"https:\/\/api.w.org\/{rel}","templated":true}]}}